{"id":607,"date":"2018-05-25T08:49:17","date_gmt":"2018-05-25T08:49:17","guid":{"rendered":"http:\/\/stethos.eu\/?page_id=607"},"modified":"2018-06-19T10:21:38","modified_gmt":"2018-06-19T10:21:38","slug":"politique-de-protection-des-donnees-personnelles","status":"publish","type":"page","link":"https:\/\/stethos.eu\/it\/politique-de-protection-des-donnees-personnelles","title":{"rendered":"Le normative sulla protezione dei dati personali"},"content":{"rendered":"<h1 style=\"text-align: center;\">Le normative sulla protezione dei dati personali<\/h1>\n<p>&nbsp;<\/p>\n<p>Benvenuti sul sito Internet di Stethos.<\/p>\n<p>Mediante la politica di protezione dei dati personali, Stethos, responsabile del trattamento dei dati, si impegna a trattare i vostri dati personali con tutte le precauzioni richieste ed esclusivamente ai fini legali per i quali gli stessi sono stati raccolti, in conformit\u00e0 ai principi della legge modificata n\u00b0 78-17 del 6 gennaio 1978, relativa all\u2019informatica, agli archivi e alle libert\u00e0 (Detta \u201c Legge sull\u2019informatica e Libert\u00e0\u201d) e del Regolamento (UE) n\u00b0 2016\/679 del 27 Aprile 2016 detto \u201cRegolamento generale sulla protezione dei dati\u201d (o \u201c GDPR\u201d) e pi\u00f9 ampliamente a tutte le disposizioni legali in vigore.<\/p>\n<p>Questa politica descrive la procedura di raccolta e protezione dei dati personali di Stethos.<\/p>\n<h2>Perch\u00e9 i vostri dati vengono raccolti?<\/h2>\n<h2>\u2666 I vostri dati servono unicamente ai fini legali\u00a0 portati a vostra conoscenza e restano strettamente confidenziali<\/h2>\n<p>Viene fornita una descrizione degli obiettivi o delle finalit\u00e0 del trattamento, quando autorizzate la conoscenza quantitativa e qualitativa delle vostre visite alle nostre pagine attraverso i cookies, al fine di farvi comprendere chiaramente le ragioni per le quali raccogliamo i dati.<\/p>\n<p>Sul nostro sito Stethos.eu vengono spiegate le finalit\u00e0 volte alla raccolta dei vostri dati di seguito riassunte:<\/p>\n<p>\u00b7\u00a0\u00a0\u00a0\u00a0\u00a0\u00a0\u00a0\u00a0 Realizzazione di statistiche d\u2019audience del sito internet al fine di permetterci di migliorare e proporvi un esperienza di navigazione ottimale.<\/p>\n<p>\u00b7\u00a0\u00a0\u00a0\u00a0\u00a0\u00a0\u00a0\u00a0 Migliorare la convivialit\u00e0 del sito e aiutare la sua promozione attraverso le condivisioni, in particolare su LinkedIn.<\/p>\n<p>Stethos si impegna a trattare i vostri dati personali nello stretto rispetto di queste finalit\u00e0, e non intende\u00a0 in nessun caso utilizzarli per altri fini. Questi ultimi sono iscritti nel nostro registro dei trattamenti, e sono controllati dalla vigilanza del nostro Data protection officer.Officer.<\/p>\n<h2>Quali categorie di dati vengono raccolte?<\/h2>\n<h2>\u2666 Noi raccogliamo unicamente dati pertinenti e necessari<\/h2>\n<p>Le categorie dei dati raccolti sono le seguenti:<\/p>\n<ul>\n<li>Dati di connessione: l\u2019indirizzo IP collegato al dispositivo, le date, le ore di connessione e di disconnessione, il luogo di connessione, i dati nascosti.<\/li>\n<li>I dati di localizzazione<\/li>\n<\/ul>\n<p>I dati personali raccolti da Stethos sono unicamente necessari per la realizzazione delle finalit\u00e0 dei trattamenti messi in opera. Stethos si impegna a raccogliere solo ed esclusivamente i dati necessari.<\/p>\n<h2>Chi \u00e8 il destinatario dei dati?<\/h2>\n<h2>\u2666 Solamente le persone abilitate avranno accesso ai vostri dati<\/h2>\n<p>L\u2019accesso ai vostri dati personali \u00e8 strettamente limitato alle persone abilitate e autorizzate da Stethos e dal\/dai nostro\/i fornitore\/i per i quali le disposizioni tecniche ed organizzative per la protezione dei vostri dati \u00e8 stabilita. Queste persone sono quelle che, attraverso la loro funzione sono legittimate a ricevere le comunicazioni dei vostri dati al fine di realizzare le finalit\u00e0 che vi sono state precedentemente descritte (esempio: conoscere l\u2019audience del nostro sito; migliorare il funzionamento del nostro sito).<\/p>\n<p>I vostri dati potranno essere anche trasferiti verso la rete social di Linkedin, che implementa i cookies utili alla condivisione del contenuto del nostro sito sulla piattaforma o per l\u2019elaborazione delle statistiche d\u2019accesso. Non avendo il controllo sull\u2019utilizzo delle funzionalit\u00e0 di questi attori, vi invitiamo a prendere conoscenza della politica di gestione di questi cookies sul sito e sulla rete dei social di riferimento.<\/p>\n<p>I vostri dati personali non saranno mai venduti, condivisi, comunicati o trasferiti a terzi non identificato dalla suddetta politica di protezione dei dati personali.<\/p>\n<h2>Per quanto tempo conserviamo i dati che sono stati raccolti?<\/h2>\n<h2>\u2666 I vostri dati sono conservati unicamente per il tempo necessario<\/h2>\n<p>In conformit\u00e0 alle disposizioni legali in vigore, Stethos conserva i vostri dati personali unicamente per il tempo necessario e per le finalit\u00e0 indicate: la durata dei cookies depositati sul vostro dispositivo in seguito al vostro consenso espresso \u00e8 limitata a 13 mesi, in ottemperanza alle raccomandazioni della CNIL. Questa durata non \u00e8 prolungata in seguito a nuove visite sul sito. Alla scadenza del tredicesimo mese di validit\u00e0, il vostro consenso sar\u00e0 nuovamente sollecitato e richiesto.<\/p>\n<h2>In che modo Stethos protegge i vostri dati personali?<\/h2>\n<h2>\u2666 I vostri dati sono protetti<\/h2>\n<p>Stethos ha implementato delle procedure di messa in sicurezza fisica e logica con la finalit\u00e0 di proteggere i vostri dati personali dagli accessi non autorizzati, dall\u2019uso improprio, dalla divulgazione, dalla perdita e dalla distruzione.<\/p>\n<p>In ogni caso resta di vostra responsabilit\u00e0 la messa in sicurezza dei dispositivi da voi utilizzati<\/p>\n<p>che dovranno essere adeguatamente protetti contro software maligni o malware simili ai trojans o altri virus. Senza misure di sicurezza adeguate, si corre il rischio che i vostri dati siano captati o che vengano divulgati a terzi non autorizzati.<\/p>\n<h2>Cosa sono i cookies e come gestirli?<\/h2>\n<h2>\u2666 Noi utilizziamo dei cookies che possono essere disattivati<\/h2>\n<p>Cosa sono i cookies? Un cookie \u00e8 un piccolo file di testo trasferito sul vostro computer, su smartphone o tablet attraverso il web. I cookies possono essere temporanei (cookies di sessione) o permanenti e vengono registrati sul disco del vostro dispositivo tutte le volte che visitate il nostro sito, con la finalit\u00e0 di permettere a Stethos di riconoscervi in occasione delle vostre visite successive.<\/p>\n<p>I cookies di sessione sono attivi unicamente per il tempo della vostra visita e soppressi quando interrompete la navigazione. I cookies permanenti restano sul disco fisso del vostro dispositivo fino al momento in cui non venga abbandonato il sito e ci restano fino a che non venga eseguita la soppressione manuale o fino a che il navigatore non le elimini dopo un certo periodo (massimo 13 mesi).<\/p>\n<p>Stethos utilizza dei cookies di performance analitica per sorvegliare la performance del sito internet, per esempio per determinare il numero di volte in cui una pagina viene consultata ed il numero di utilizzatori sul suo sito internet. I servizi d\u2019analisi del web possono essere concepiti e sfruttati da terzi. Le informazioni fornite da questi cookies permettono di analizzare i tipi di comportamento degli utilizzatori e sono concepiscono per ottimizzare l\u2019esperienza dell\u2019utilizzatore o per identificare eventuali parti del sito Internet che possono necessitare d\u2019interventi di manutenzione o di ottimizzazione. Le informazioni sono anonime e sono unicamente utilizzate ai fini statistici.<\/p>\n<p>Stethos utilizza delle soluzioni di terzi (in particolare Google analytics) per raccogliere delle informazioni sui visitatori del sito grazie a questi cookies. Queste informazioni possono essere utilizzate dai fornitori di queste soluzioni.<\/p>\n<p><strong>Come gestire e disattivare i cookies?<\/strong><\/p>\n<p>\u00c8 possibile monitorare i cookies seguendo le istruzioni sotto-descritte in funzione del browser utilizzato :<\/p>\n<ul>\n<li><a href=\"https:\/\/support.mozilla.org\/fr\/kb\/activer-desactiver-cookies?redirectlocale=fr&amp;redirectslug=Activer+et+d%C3%A9sactiver+les+cookies\">Firefox<\/a><\/li>\n<li><a href=\"https:\/\/support.microsoft.com\/fr-fr\/kb\/196955\">Internet Explorer<\/a><\/li>\n<li><a href=\"https:\/\/support.google.com\/chrome\/answer\/95647?hl=fr&amp;hlrm=en-GB\">Google Chrome<\/a><\/li>\n<li><a href=\"http:\/\/help.opera.com\/Windows\/10.20\/fr\/cookies.html\">Opera<\/a><\/li>\n<li><a href=\"https:\/\/support.apple.com\/fr-fr\/HT201265\">Safari on iOS<\/a><\/li>\n<\/ul>\n<p>Quando vengono disattivati i cookies, \u00e8 possibile che alcuni elementi grafici non appaiano correttamente o che non sia possibile utilizzare alcune applicazioni.<\/p>\n<h2>What Quali sono i diritti sui vostri dati e come vanno esercitati?<\/h2>\n<h2>\u2666 You keep control over your<\/h2>\n<p>In conformit\u00e0 alla Legge sull\u2019Informatica e sulle Libert\u00e0 del 6 gennaio 14978 nella sua versione applicabile e all\u2019RGPD (Regolamento Generale sulla Protezione dei Dati Personali) del 27 Aprile 2016 e a tutte le disposizioni legali in vigore, Stethos vi riporta di seguito i vostri diritti:<\/p>\n<p>\u00b7\u00a0\u00a0\u00a0\u00a0\u00a0\u00a0\u00a0\u00a0 diritto di accesso ai dati personali raccolti<\/p>\n<p>\u00b7\u00a0\u00a0\u00a0\u00a0\u00a0\u00a0\u00a0\u00a0 diritto di rettifica o soppressione dei dati personali raccolti<\/p>\n<p>\u00b7\u00a0\u00a0\u00a0\u00a0\u00a0\u00a0\u00a0\u00a0 diritto di opposizione al trattamento dei vostri dati personali per motivi legittimi<\/p>\n<p>\u00b7\u00a0\u00a0\u00a0\u00a0\u00a0\u00a0\u00a0\u00a0 diritto all\u2019oblio (diritto alla cancellazione)<\/p>\n<p>\u00b7\u00a0\u00a0\u00a0\u00a0\u00a0\u00a0\u00a0\u00a0 diritto alla portabilit\u00e0<\/p>\n<p>Per esercitare uno di questi diritti potrete indirizzare le vostre domande direttamente al Delegato alla protezione dei dati utilizzando uno dei seguenti indirizzi :<\/p>\n<p><strong>Per posta:<\/strong><\/p>\n<p>Stethos SA \u2013 Data Protection Officer<br \/>\n1 Place de Marivel, 92310 S\u00e8vres<\/p>\n<p><strong>Tramite e-mail: <\/strong>dpo@stethos.fr<\/p>\n","protected":false},"excerpt":{"rendered":"<p>Le normative sulla protezione dei dati personali &nbsp; Benvenuti sul sito Internet di Stethos. Mediante la politica di protezione dei dati personali, Stethos, responsabile del trattamento dei dati, si impegna a trattare i vostri dati personali con tutte le precauzioni richieste ed esclusivamente ai fini legali per i quali gli stessi sono stati raccolti, in [&hellip;]<\/p>\n","protected":false},"author":1,"featured_media":0,"parent":0,"menu_order":0,"comment_status":"closed","ping_status":"closed","template":"","meta":{"_acf_changed":false,"_exactmetrics_skip_tracking":false,"_exactmetrics_sitenote_active":false,"_exactmetrics_sitenote_note":"","_exactmetrics_sitenote_category":0,"footnotes":""},"class_list":["post-607","page","type-page","status-publish","hentry"],"translation":{"provider":"WPGlobus","version":"3.0.0","language":"it","enabled_languages":["en","fr","it"],"languages":{"en":{"title":true,"content":true,"excerpt":false},"fr":{"title":true,"content":true,"excerpt":false},"it":{"title":true,"content":true,"excerpt":false}}},"acf":[],"aioseo_notices":[],"_links":{"self":[{"href":"https:\/\/stethos.eu\/it\/wp-json\/wp\/v2\/pages\/607","targetHints":{"allow":["GET"]}}],"collection":[{"href":"https:\/\/stethos.eu\/it\/wp-json\/wp\/v2\/pages"}],"about":[{"href":"https:\/\/stethos.eu\/it\/wp-json\/wp\/v2\/types\/page"}],"author":[{"embeddable":true,"href":"https:\/\/stethos.eu\/it\/wp-json\/wp\/v2\/users\/1"}],"replies":[{"embeddable":true,"href":"https:\/\/stethos.eu\/it\/wp-json\/wp\/v2\/comments?post=607"}],"version-history":[{"count":1,"href":"https:\/\/stethos.eu\/it\/wp-json\/wp\/v2\/pages\/607\/revisions"}],"predecessor-version":[{"id":608,"href":"https:\/\/stethos.eu\/it\/wp-json\/wp\/v2\/pages\/607\/revisions\/608"}],"wp:attachment":[{"href":"https:\/\/stethos.eu\/it\/wp-json\/wp\/v2\/media?parent=607"}],"curies":[{"name":"wp","href":"https:\/\/api.w.org\/{rel}","templated":true}]}}