{"id":49,"date":"2016-04-17T17:48:49","date_gmt":"2016-04-17T17:48:49","guid":{"rendered":"http:\/\/stethos.eu\/?page_id=49"},"modified":"2018-05-29T14:52:35","modified_gmt":"2018-05-29T14:52:35","slug":"compliance-with-healthcare-specific-regulations","status":"publish","type":"page","link":"https:\/\/stethos.eu\/it\/our-expertise\/compliance-with-healthcare-specific-regulations","title":{"rendered":"Conformi alle normative del settore sanitario"},"content":{"rendered":"<h3>STETHOS \u00c8 SEMPRE AGGIORNATA CON I CAMBIAMENTI DELLE NORMATIVE NEL SETTORE SANITARIO<\/h3>\n<ul>\n<li><span id=\"result_box\" class=\"\" lang=\"it\"><span class=\"\">GDPR: Stethos, cos\u00ec come tutte le sue sussidiarie, \u00e8 diventata conforme alle regole GDPR.<\/span><\/span><\/li>\n<li>Tutti gli audit di farmacovigilanza sono stati superati con successo.<\/li>\n<li>Sunshine act: dichiarazione biennale delle retribuzioni pagate agli specialisti.<\/li>\n<li>CNIL (National Commission for Information Technology and Civil Liberties): autorizzazione a creare con Karapace (azienda che si occupa dell\u2019anonimizzazione dei dati) un panel di pazienti in forma anonima contenente dati sensibili.<\/li>\n<\/ul>\n","protected":false},"excerpt":{"rendered":"<p>STETHOS \u00c8 SEMPRE AGGIORNATA CON I CAMBIAMENTI DELLE NORMATIVE NEL SETTORE SANITARIO GDPR: Stethos, cos\u00ec come tutte le sue sussidiarie, \u00e8 diventata conforme alle regole GDPR. Tutti gli audit di farmacovigilanza sono stati superati con successo. Sunshine act: dichiarazione biennale delle retribuzioni pagate agli specialisti. CNIL (National Commission for Information Technology and Civil Liberties): autorizzazione [&hellip;]<\/p>\n","protected":false},"author":1,"featured_media":0,"parent":45,"menu_order":0,"comment_status":"closed","ping_status":"closed","template":"page-our_expertise_4.php","meta":{"_acf_changed":false,"_exactmetrics_skip_tracking":false,"_exactmetrics_sitenote_active":false,"_exactmetrics_sitenote_note":"","_exactmetrics_sitenote_category":0,"footnotes":""},"class_list":["post-49","page","type-page","status-publish","hentry"],"translation":{"provider":"WPGlobus","version":"3.0.0","language":"it","enabled_languages":["en","fr","it"],"languages":{"en":{"title":true,"content":true,"excerpt":false},"fr":{"title":true,"content":true,"excerpt":false},"it":{"title":true,"content":true,"excerpt":false}}},"acf":[],"aioseo_notices":[],"_links":{"self":[{"href":"https:\/\/stethos.eu\/it\/wp-json\/wp\/v2\/pages\/49","targetHints":{"allow":["GET"]}}],"collection":[{"href":"https:\/\/stethos.eu\/it\/wp-json\/wp\/v2\/pages"}],"about":[{"href":"https:\/\/stethos.eu\/it\/wp-json\/wp\/v2\/types\/page"}],"author":[{"embeddable":true,"href":"https:\/\/stethos.eu\/it\/wp-json\/wp\/v2\/users\/1"}],"replies":[{"embeddable":true,"href":"https:\/\/stethos.eu\/it\/wp-json\/wp\/v2\/comments?post=49"}],"version-history":[{"count":1,"href":"https:\/\/stethos.eu\/it\/wp-json\/wp\/v2\/pages\/49\/revisions"}],"predecessor-version":[{"id":208,"href":"https:\/\/stethos.eu\/it\/wp-json\/wp\/v2\/pages\/49\/revisions\/208"}],"up":[{"embeddable":true,"href":"https:\/\/stethos.eu\/it\/wp-json\/wp\/v2\/pages\/45"}],"wp:attachment":[{"href":"https:\/\/stethos.eu\/it\/wp-json\/wp\/v2\/media?parent=49"}],"curies":[{"name":"wp","href":"https:\/\/api.w.org\/{rel}","templated":true}]}}