{"id":609,"date":"2018-05-25T08:56:05","date_gmt":"2018-05-25T08:56:05","guid":{"rendered":"http:\/\/stethos.eu\/?page_id=609"},"modified":"2018-06-19T10:31:19","modified_gmt":"2018-06-19T10:31:19","slug":"mentions-legales","status":"publish","type":"page","link":"https:\/\/stethos.eu\/fr\/mentions-legales","title":{"rendered":"Mentions l\u00e9gales"},"content":{"rendered":"<h1 style=\"text-align: center;\">Mentions l\u00e9gales<\/h1>\n<h2>Editeur du site stethos.eu<\/h2>\n<table>\n<tbody>\n<tr>\n<td width=\"310\"><strong>D\u00e9nomination sociale de l\u2019\u00e9diteur :<\/strong><\/td>\n<td>Stethos<\/td>\n<\/tr>\n<tr>\n<td><strong>Statut de la soci\u00e9t\u00e9 :<\/strong><\/td>\n<td>Soci\u00e9t\u00e9 Anonyme<\/td>\n<\/tr>\n<tr>\n<td><strong>SIREN\u00a0:<\/strong><\/td>\n<td>403\u00a0524\u00a0432 00057<\/td>\n<\/tr>\n<tr>\n<td><strong>N\u00b0 TVA intracommunautaire :<\/strong><\/td>\n<td>FR 19\u00a0403524432<\/td>\n<\/tr>\n<tr>\n<td><strong>Capital social :<\/strong><\/td>\n<td>233\u00a0940,00 \u20ac<\/td>\n<\/tr>\n<tr>\n<td><strong>Si\u00e8ge social :<\/strong><\/td>\n<td>1 Place de Marivel, Paris<\/td>\n<\/tr>\n<tr>\n<td><strong>Adresse \u00e9lectronique :<\/strong><\/td>\n<td>contact@stethos.fr<\/td>\n<\/tr>\n<tr>\n<td><strong>T\u00e9l\u00e9phone :<\/strong><\/td>\n<td>01 55 64 04 80<\/td>\n<\/tr>\n<tr>\n<td><strong>Repr\u00e9sentant l\u00e9gal :<\/strong><\/td>\n<td>Pr\u00e9sident : Henri FARINA<\/td>\n<\/tr>\n<tr>\n<td><strong>Nom du Directeur de la publication :<\/strong><\/td>\n<td>Henri FARINA<\/td>\n<\/tr>\n<\/tbody>\n<\/table>\n<h2>H\u00e9bergeur<\/h2>\n<p><strong>Nom\u00a0: <\/strong><span style=\"font-family: Verdana;\">Netinfosm\u00e9dias<\/span><strong><br \/>\nAdresse\u00a0: <\/strong><span style=\"font-family: Verdana;\">3 avenue du Pays d&rsquo;Auge, 80000 Amiens<\/span><strong><br \/>\nMail\u00a0: <\/strong><span style=\"font-family: Verdana;\"><a class=\"moz-txt-link-abbreviated\" href=\"mailto:courrier@netinfosmedias.com\">courrier@netinfosmedias.com<\/a><\/span><strong><br \/>\nT\u00e9l\u00e9phone\u00a0: <\/strong><span style=\"font-family: Verdana;\">0322661210<\/span><strong><br \/>\n<\/strong><\/p>\n","protected":false},"excerpt":{"rendered":"<p>Mentions l\u00e9gales Editeur du site stethos.eu D\u00e9nomination sociale de l\u2019\u00e9diteur : Stethos Statut de la soci\u00e9t\u00e9 : Soci\u00e9t\u00e9 Anonyme SIREN\u00a0: 403\u00a0524\u00a0432 00057 N\u00b0 TVA intracommunautaire : FR 19\u00a0403524432 Capital social : 233\u00a0940,00 \u20ac Si\u00e8ge social : 1 Place de Marivel, Paris Adresse \u00e9lectronique : contact@stethos.fr T\u00e9l\u00e9phone : 01 55 64 04 80 Repr\u00e9sentant l\u00e9gal : [&hellip;]<\/p>\n","protected":false},"author":1,"featured_media":0,"parent":0,"menu_order":0,"comment_status":"closed","ping_status":"closed","template":"","meta":{"_acf_changed":false,"_exactmetrics_skip_tracking":false,"_exactmetrics_sitenote_active":false,"_exactmetrics_sitenote_note":"","_exactmetrics_sitenote_category":0,"footnotes":""},"class_list":["post-609","page","type-page","status-publish","hentry"],"translation":{"provider":"WPGlobus","version":"3.0.0","language":"fr","enabled_languages":["en","fr","it"],"languages":{"en":{"title":true,"content":true,"excerpt":false},"fr":{"title":true,"content":true,"excerpt":false},"it":{"title":true,"content":true,"excerpt":false}}},"acf":[],"aioseo_notices":[],"_links":{"self":[{"href":"https:\/\/stethos.eu\/fr\/wp-json\/wp\/v2\/pages\/609","targetHints":{"allow":["GET"]}}],"collection":[{"href":"https:\/\/stethos.eu\/fr\/wp-json\/wp\/v2\/pages"}],"about":[{"href":"https:\/\/stethos.eu\/fr\/wp-json\/wp\/v2\/types\/page"}],"author":[{"embeddable":true,"href":"https:\/\/stethos.eu\/fr\/wp-json\/wp\/v2\/users\/1"}],"replies":[{"embeddable":true,"href":"https:\/\/stethos.eu\/fr\/wp-json\/wp\/v2\/comments?post=609"}],"version-history":[{"count":1,"href":"https:\/\/stethos.eu\/fr\/wp-json\/wp\/v2\/pages\/609\/revisions"}],"predecessor-version":[{"id":626,"href":"https:\/\/stethos.eu\/fr\/wp-json\/wp\/v2\/pages\/609\/revisions\/626"}],"wp:attachment":[{"href":"https:\/\/stethos.eu\/fr\/wp-json\/wp\/v2\/media?parent=609"}],"curies":[{"name":"wp","href":"https:\/\/api.w.org\/{rel}","templated":true}]}}