{"id":607,"date":"2018-05-25T08:49:17","date_gmt":"2018-05-25T08:49:17","guid":{"rendered":"http:\/\/stethos.eu\/?page_id=607"},"modified":"2018-06-19T10:21:38","modified_gmt":"2018-06-19T10:21:38","slug":"politique-de-protection-des-donnees-personnelles","status":"publish","type":"page","link":"https:\/\/stethos.eu\/fr\/politique-de-protection-des-donnees-personnelles","title":{"rendered":"Politique de protection des donn\u00e9es personnelles"},"content":{"rendered":"<h1 style=\"text-align: center;\">Politique de protection des donn\u00e9es personnelles<\/h1>\n<p>Bienvenue sur le site Internet de Stethos.<\/p>\n<p>Par cette politique de protection des donn\u00e9es personnelles,\u00a0Stethos, responsable de traitement,\u00a0s\u2019engage \u00e0 traiter vos donn\u00e9es personnelles avec tout le soin requis et exclusivement aux fins l\u00e9gitimes pour lesquelles elles ont \u00e9t\u00e9 recueillies,\u00a0conform\u00e9ment \u00e0 ses principes,\u00a0\u00e0 la loi n\u00b0 78-17 du 6 janvier 1978 modifi\u00e9e, relative \u00e0 l\u2019informatique, aux fichiers et aux libert\u00e9s (dite \u00ab Loi Informatique et Libert\u00e9s \u00bb) et du R\u00e8glement (UE) n\u00b0 2016\/679 du 27 avril 2016 dit \u00ab R\u00e8glement g\u00e9n\u00e9ral sur la protection des donn\u00e9es \u00bb (ou \u00ab RGDP \u00bb) et plus largement \u00e0 toutes les dispositions l\u00e9gales en vigueur.<\/p>\n<p>Cette politique d\u00e9crit la mani\u00e8re dont Stethos s\u2019engage \u00e0 collecter,\u00a0utiliser et prot\u00e9ger vos donn\u00e9es personnelles.<\/p>\n<h2>Pourquoi vos donn\u00e9es sont-elles collect\u00e9es ?<\/h2>\n<h2>\u2666\u00a0Vos donn\u00e9es servent uniquement des fins l\u00e9gitimes port\u00e9es \u00e0 votre connaissance et restent strictement confidentielles<\/h2>\n<p>Une description des objectifs ou des finalit\u00e9s des traitements mis en \u0153uvre vous est fournie,\u00a0lorsque vous autorisez la connaissance quantitative et qualitative de vos visites de nos pages par les cookies,\u00a0afin que vous compreniez clairement les raisons pour lesquelles nous les utilisons.<\/p>\n<p>Sur notre site stethos.eu, les finalit\u00e9s pour lesquelles vos donn\u00e9es sont collect\u00e9es sont les suivantes :<\/p>\n<ul>\n<li>R\u00e9alisation de statistiques d\u2019audience du site internet, afin de nous permettre de l\u2019am\u00e9liorer et vous proposer une exp\u00e9rience de navigation optimale\u00a0;<\/li>\n<li>Am\u00e9liorer la convivialit\u00e9 du site et aider \u00e0 sa promotion via les partages, notamment sur LinkedIn.<\/li>\n<\/ul>\n<p>Stethos s\u2019engage \u00e0 traiter vos donn\u00e9es personnelles dans le strict respect de ces finalit\u00e9s, et n\u2019entend en aucun cas les utiliser \u00e0 d\u2019autres fins. Ces derni\u00e8res sont inscrites dans notre registre des traitements, et font l\u2019objet d\u2019une vigilance de notre Data protection officer.<\/p>\n<h2>Quelles cat\u00e9gories de donn\u00e9es sont collect\u00e9es ?<\/h2>\n<h2>\u2666 Nous ne collectons que des donn\u00e9es pertinentes et n\u00e9cessaires<\/h2>\n<p>Les cat\u00e9gories de donn\u00e9es collect\u00e9es sont les suivantes\u00a0:<\/p>\n<ul>\n<li>Les donn\u00e9es de connexion\u00a0: l\u2019adresse IP affect\u00e9e au terminal, les dates, heures de connexion et de d\u00e9connexion, le lieu de connexion, les donn\u00e9es en cache<\/li>\n<li>Les donn\u00e9es de localisation<\/li>\n<\/ul>\n<p>Les donn\u00e9es personnelles collect\u00e9es par Stethos sont uniquement n\u00e9cessaires \u00e0 la r\u00e9alisation des finalit\u00e9s des traitements mis en \u0153uvre. Stethos s\u2019engage \u00e0 ne pas collecter plus de donn\u00e9es que n\u00e9cessaire.<\/p>\n<h2>Qui est destinataire de vos donn\u00e9es ?<\/h2>\n<h2>\u2666 Seules les personnes habilit\u00e9es ont acc\u00e8s \u00e0 vos donn\u00e9es<\/h2>\n<p>L\u2019acc\u00e8s \u00e0 vos donn\u00e9es personnelles est strictement limit\u00e9 aux personnes habilit\u00e9es et d\u00e9termin\u00e9es de Stethos et de notre\/nos prestataire (s) dont les dispositions techniques et organisationnelles pour la protection de vos donn\u00e9es sont \u00e9tablies.\u00a0Ces personnes sont celles qui,\u00a0de par leur fonction,sont l\u00e9gitimes \u00e0 se voir communiquer vos donn\u00e9es afin de r\u00e9aliser les finalit\u00e9s qui vous ont \u00e9t\u00e9 pr\u00e9alablement d\u00e9crites (exemples : conna\u00eetre l\u2019audience de notre site\u00a0; am\u00e9liorer le fonctionnement de notre site).<\/p>\n<p>Vos donn\u00e9es peuvent \u00eatre \u00e9galement transf\u00e9r\u00e9es vers le r\u00e9seau social\u00a0LinkedIn, qui impl\u00e9mente des\u00a0cookies utiles au partage du contenu\u00a0de notre site sur sa plateforme, ou pour l\u2019\u00e9laboration de statistiques d\u2019acc\u00e8s.\u00a0N\u2019ayant pas de contr\u00f4le sur l\u2019usage de ces fonctionnalit\u00e9s par ces acteurs, nous vous invitons \u00e0 prendre connaissance de la politique de gestion de ces cookies sur le site du r\u00e9seau social concern\u00e9.<\/p>\n<p>Vos donn\u00e9es personnelles ne seront jamais vendues,\u00a0partag\u00e9es,communiqu\u00e9es ou transf\u00e9r\u00e9es \u00e0 un tiers non identifi\u00e9 par la pr\u00e9sente politique de protection des donn\u00e9es personnelles.<\/p>\n<h2><\/h2>\n<h2>Combien de temps sont conserv\u00e9es vos donn\u00e9es collect\u00e9es ?<\/h2>\n<h2>\u2666 Vos donn\u00e9es sont conserv\u00e9es uniquement le temps n\u00e9cessaire<\/h2>\n<p>Conform\u00e9ment aux dispositions l\u00e9gales en vigueur, Stethos ne conserve vos donn\u00e9es personnelles que le temps n\u00e9cessaire aux finalit\u00e9s indiqu\u00e9es\u00a0:la dur\u00e9e des cookies d\u00e9pos\u00e9s sur votre terminal suite \u00e0 l\u2019expression de votre consentement est limit\u00e9e \u00e0 13 mois, suivant les recommandations de la CNIL. Cette dur\u00e9e de vie n\u2019est pas prolong\u00e9e lors de nouvelles visites sur le site.\u00a0 A l\u2019issue des treize mois de validit\u00e9, votre consentement est \u00e0 nouveau sollicit\u00e9.<\/p>\n<h2><\/h2>\n<h2>Comment Stethos prot\u00e8ge vos donn\u00e9es personnelles?<\/h2>\n<h2>\u2666 Vos donn\u00e9es sont s\u00e9curis\u00e9es<\/h2>\n<p>Stethos met en place des moyens de s\u00e9curisation physique et logique afin de prot\u00e9ger vos donn\u00e9es personnelles des acc\u00e8s non autoris\u00e9s, de l\u2019usage impropre, de la divulgation, de la perte et de la destruction.<\/p>\n<p>Il est toutefois de votre responsabilit\u00e9 de vous assurer que les terminaux que vous utilisez sont s\u00e9curis\u00e9s de mani\u00e8re ad\u00e9quate et prot\u00e9g\u00e9s contre les logiciels malveillants tels que les chevaux de Troie et les virus. Vous \u00eates inform\u00e9 du fait que sans des mesures de s\u00e9curit\u00e9 ad\u00e9quates, vous courez le risque que vos donn\u00e9es soient capt\u00e9es ou divulgu\u00e9s \u00e0 des tiers non autoris\u00e9s.<\/p>\n<h2><\/h2>\n<h2>Qu\u2019est-ce que les cookies et comment les g\u00e9rer ?<\/h2>\n<h2>\u2666 Nous utilisons des cookies que vous pouvez d\u00e9sactiver<\/h2>\n<p>Qu\u2019est-ce que les cookies ? Un cookie est un petit fichier texte transf\u00e9r\u00e9 sur votre ordinateur, smartphone ou tablette par le biais de votre navigateur Internet. Temporaires (cookies de session) ou permanents, les cookies sont enregistr\u00e9s sur le disque dur de votre terminal lorsque vous visitez notre site, afin de permettre \u00e0 Stethos de vous reconna\u00eetre lors de vos visites ult\u00e9rieures.<\/p>\n<p>Les cookies de session sont actifs le temps de votre visite uniquement et supprim\u00e9s lorsque vous fermez le navigateur. Les cookies permanents restent sur le disque dur de votre terminal lorsque vous quittez le site et y demeurent jusqu\u2019\u00e0 ce que vous les supprimiez manuellement ou que le navigateur les purge apr\u00e8s un certain d\u00e9lai (au maximum 13 mois).<\/p>\n<p>Stethos utilise des cookies de performance analytique pour surveiller la performance de ses sites Internet, par exemple pour d\u00e9terminer le nombre de fois qu\u2019une page est consult\u00e9e et le nombre d\u2019utilisateurs uniques sur son site Internet. Les services d\u2019analyse Web peuvent \u00eatre con\u00e7us et exploit\u00e9s par des tiers. Les informations fournies par ces cookies permettent d\u2019analyser les types de comportement des utilisateurs et s\u2019utilisent pour optimiser l\u2019exp\u00e9rience de l\u2019utilisateur ou pour identifier les parties du site Internet qui peuvent n\u00e9cessiter des interventions de maintenance ou d\u2019optimisation. Les informations sont anonymes et sont uniquement utilis\u00e9es \u00e0 des fins statistiques.<\/p>\n<p>Stethos utilise des solutions tierces (notamment Google analytics) pour recueillir des informations sur les visiteurs du site gr\u00e2ce \u00e0 ces cookies. Ces informations peuvent \u00eatre utilis\u00e9es par les fournisseurs de ces solutions.<\/p>\n<p><strong>Comment g\u00e9rer et d\u00e9sactiver les cookies ?<\/strong><\/p>\n<p>Vous pouvez param\u00e9trer les cookies en suivant les instructions ci-dessous en fonction du navigateur que vous utilisez\u00a0:<\/p>\n<ul>\n<li><a href=\"https:\/\/support.mozilla.org\/fr\/kb\/activer-desactiver-cookies?redirectlocale=fr&amp;redirectslug=Activer+et+d%C3%A9sactiver+les+cookies\">Firefox<\/a><\/li>\n<li><a href=\"https:\/\/support.microsoft.com\/fr-fr\/kb\/196955\">Internet Explorer<\/a><\/li>\n<li><a href=\"https:\/\/support.google.com\/chrome\/answer\/95647?hl=fr&amp;hlrm=en-GB\">Google Chrome<\/a><\/li>\n<li><a href=\"http:\/\/help.opera.com\/Windows\/10.20\/fr\/cookies.html\">Opera<\/a><\/li>\n<li><a href=\"https:\/\/support.apple.com\/fr-fr\/HT201265\">Safari on iOS<\/a><\/li>\n<\/ul>\n<p>Lorsque vous d\u00e9sactivez des cookies, tenez toutefois compte du fait que certains \u00e9l\u00e9ments graphiques ne s&rsquo;afficheront peut-\u00eatre pas correctement ou que vous ne pourrez pas utiliser certaines applications.<\/p>\n<h2><\/h2>\n<h2>Quels sont vos droits sur vos donn\u00e9es et comment les exercer ?<\/h2>\n<h2>\u2666 Vous gardez le contr\u00f4le sur vos donn\u00e9es<\/h2>\n<p>Conform\u00e9ment \u00e0 la loi Informatique et Libert\u00e9s du 6 janvier 1978 dans sa version applicable et au RGPD (R\u00e8glement G\u00e9n\u00e9ral sur la Protection des Donn\u00e9es personnelles)\u00a0 du 27 avril 2016 et plus largement \u00e0 toutes les dispositions l\u00e9gales en vigueur, Stethos vous informe que vous disposez des droits suivants\u00a0:<\/p>\n<ul>\n<li>droit d\u2019acc\u00e8s aux donn\u00e9es personnelles collect\u00e9es,<\/li>\n<li>droit de rectification ou de suppression aux donn\u00e9es personnelles collect\u00e9es,<\/li>\n<li>droit d\u2019opposition au traitement de vos donn\u00e9es personnelles pour des motifs l\u00e9gitimes,<\/li>\n<li>droit \u00e0 l\u2019oubli (droit au d\u00e9r\u00e9f\u00e9rencement),<\/li>\n<li>droit \u00e0 la portabilit\u00e9.<\/li>\n<\/ul>\n<p>Pour exercer l\u2019un de ces droits, veuillez adresser votre demande au D\u00e9l\u00e9gu\u00e9 \u00e0 la protection des donn\u00e9es, en utilisant l\u2019une des coordonn\u00e9es suivantes :<\/p>\n<p><strong>Courrier\u00a0:<\/strong> Stethos SA \u2013 D\u00e9l\u00e9gu\u00e9 \u00e0 la protection de donn\u00e9es<\/p>\n<p>1 Place de Marivel, 92310 S\u00e8vres<\/p>\n<p><strong>E-mail\u00a0: <\/strong><a href=\"mailto:dpo@stethos.fr%20\">dpo@stethos.fr <\/a><\/p>\n","protected":false},"excerpt":{"rendered":"<p>Politique de protection des donn\u00e9es personnelles Bienvenue sur le site Internet de Stethos. Par cette politique de protection des donn\u00e9es personnelles,\u00a0Stethos, responsable de traitement,\u00a0s\u2019engage \u00e0 traiter vos donn\u00e9es personnelles avec tout le soin requis et exclusivement aux fins l\u00e9gitimes pour lesquelles elles ont \u00e9t\u00e9 recueillies,\u00a0conform\u00e9ment \u00e0 ses principes,\u00a0\u00e0 la loi n\u00b0 78-17 du 6 janvier [&hellip;]<\/p>\n","protected":false},"author":1,"featured_media":0,"parent":0,"menu_order":0,"comment_status":"closed","ping_status":"closed","template":"","meta":{"_acf_changed":false,"_exactmetrics_skip_tracking":false,"_exactmetrics_sitenote_active":false,"_exactmetrics_sitenote_note":"","_exactmetrics_sitenote_category":0,"footnotes":""},"class_list":["post-607","page","type-page","status-publish","hentry"],"translation":{"provider":"WPGlobus","version":"3.0.0","language":"fr","enabled_languages":["en","fr","it"],"languages":{"en":{"title":true,"content":true,"excerpt":false},"fr":{"title":true,"content":true,"excerpt":false},"it":{"title":true,"content":true,"excerpt":false}}},"acf":[],"aioseo_notices":[],"_links":{"self":[{"href":"https:\/\/stethos.eu\/fr\/wp-json\/wp\/v2\/pages\/607","targetHints":{"allow":["GET"]}}],"collection":[{"href":"https:\/\/stethos.eu\/fr\/wp-json\/wp\/v2\/pages"}],"about":[{"href":"https:\/\/stethos.eu\/fr\/wp-json\/wp\/v2\/types\/page"}],"author":[{"embeddable":true,"href":"https:\/\/stethos.eu\/fr\/wp-json\/wp\/v2\/users\/1"}],"replies":[{"embeddable":true,"href":"https:\/\/stethos.eu\/fr\/wp-json\/wp\/v2\/comments?post=607"}],"version-history":[{"count":1,"href":"https:\/\/stethos.eu\/fr\/wp-json\/wp\/v2\/pages\/607\/revisions"}],"predecessor-version":[{"id":608,"href":"https:\/\/stethos.eu\/fr\/wp-json\/wp\/v2\/pages\/607\/revisions\/608"}],"wp:attachment":[{"href":"https:\/\/stethos.eu\/fr\/wp-json\/wp\/v2\/media?parent=607"}],"curies":[{"name":"wp","href":"https:\/\/api.w.org\/{rel}","templated":true}]}}