{"id":49,"date":"2016-04-17T17:48:49","date_gmt":"2016-04-17T17:48:49","guid":{"rendered":"http:\/\/stethos.eu\/?page_id=49"},"modified":"2018-05-29T14:52:35","modified_gmt":"2018-05-29T14:52:35","slug":"compliance-with-healthcare-specific-regulations","status":"publish","type":"page","link":"https:\/\/stethos.eu\/fr\/our-expertise\/compliance-with-healthcare-specific-regulations","title":{"rendered":"Conformit\u00e9 avec les exigences r\u00e9glementaires"},"content":{"rendered":"<h3>STETHOS S\u2019ADAPTE EN PERMANENCE AVEC LES CONTRAINTES R\u00c9GLEMENTAIRES CHANGEANTES DANS LE DOMAINE DE LA SANT\u00c9<\/h3>\n<ul>\n<li>GDPR : Stethos, ainsi que toutes ses filiales, s&rsquo;est mis en conformit\u00e9 avec les r\u00e8gles issues du GDPR.<\/li>\n<li>Nous avons pass\u00e9 avec succ\u00e8s tous les audits de pharmacovigilance mandat\u00e9s par nos laboratoires partenaires.<\/li>\n<li>Sunshine act: d\u00e9claration semestrielle des r\u00e9mun\u00e9rations vers\u00e9es aux m\u00e9decins.<\/li>\n<li>CNIL (<span lang=\"FR\">Commission Nationale de l\u2019Informatique et des Libert\u00e9s<\/span>): autorisation de cr\u00e9er des panels patients anonymis\u00e9s, contenant des informations sensibles gr\u00e2ce \u00e0 Karapace, entreprise tiers de confiance (anonymisation des donn\u00e9es).<\/li>\n<\/ul>\n","protected":false},"excerpt":{"rendered":"<p>STETHOS S\u2019ADAPTE EN PERMANENCE AVEC LES CONTRAINTES R\u00c9GLEMENTAIRES CHANGEANTES DANS LE DOMAINE DE LA SANT\u00c9 GDPR : Stethos, ainsi que toutes ses filiales, s&rsquo;est mis en conformit\u00e9 avec les r\u00e8gles issues du GDPR. Nous avons pass\u00e9 avec succ\u00e8s tous les audits de pharmacovigilance mandat\u00e9s par nos laboratoires partenaires. Sunshine act: d\u00e9claration semestrielle des r\u00e9mun\u00e9rations vers\u00e9es [&hellip;]<\/p>\n","protected":false},"author":1,"featured_media":0,"parent":45,"menu_order":0,"comment_status":"closed","ping_status":"closed","template":"page-our_expertise_4.php","meta":{"_acf_changed":false,"_exactmetrics_skip_tracking":false,"_exactmetrics_sitenote_active":false,"_exactmetrics_sitenote_note":"","_exactmetrics_sitenote_category":0,"footnotes":""},"class_list":["post-49","page","type-page","status-publish","hentry"],"translation":{"provider":"WPGlobus","version":"3.0.0","language":"fr","enabled_languages":["en","fr","it"],"languages":{"en":{"title":true,"content":true,"excerpt":false},"fr":{"title":true,"content":true,"excerpt":false},"it":{"title":true,"content":true,"excerpt":false}}},"acf":[],"aioseo_notices":[],"_links":{"self":[{"href":"https:\/\/stethos.eu\/fr\/wp-json\/wp\/v2\/pages\/49","targetHints":{"allow":["GET"]}}],"collection":[{"href":"https:\/\/stethos.eu\/fr\/wp-json\/wp\/v2\/pages"}],"about":[{"href":"https:\/\/stethos.eu\/fr\/wp-json\/wp\/v2\/types\/page"}],"author":[{"embeddable":true,"href":"https:\/\/stethos.eu\/fr\/wp-json\/wp\/v2\/users\/1"}],"replies":[{"embeddable":true,"href":"https:\/\/stethos.eu\/fr\/wp-json\/wp\/v2\/comments?post=49"}],"version-history":[{"count":1,"href":"https:\/\/stethos.eu\/fr\/wp-json\/wp\/v2\/pages\/49\/revisions"}],"predecessor-version":[{"id":208,"href":"https:\/\/stethos.eu\/fr\/wp-json\/wp\/v2\/pages\/49\/revisions\/208"}],"up":[{"embeddable":true,"href":"https:\/\/stethos.eu\/fr\/wp-json\/wp\/v2\/pages\/45"}],"wp:attachment":[{"href":"https:\/\/stethos.eu\/fr\/wp-json\/wp\/v2\/media?parent=49"}],"curies":[{"name":"wp","href":"https:\/\/api.w.org\/{rel}","templated":true}]}}