{"id":46,"date":"2016-04-17T17:47:13","date_gmt":"2016-04-17T17:47:13","guid":{"rendered":"http:\/\/stethos.eu\/?page_id=46"},"modified":"2023-07-25T15:06:27","modified_gmt":"2023-07-25T15:06:27","slug":"ad-hoc-qualitative-and-quantitative","status":"publish","type":"page","link":"https:\/\/stethos.eu\/fr\/our-expertise\/ad-hoc-qualitative-and-quantitative","title":{"rendered":"Ad Hoc : qualitatif et quantitatif"},"content":{"rendered":"<ul>\n<li>La grande majorit\u00e9 des \u00e9tudes conduites par Stethos sont des \u00e9tudes Ad Hoc.<\/li>\n<li>Nous r\u00e9alisons nos \u00e9tudes qualitatives et quantitatives gr\u00e2ce \u00e0 nos propres agences terrains et notre propre d\u00e9partement statistique.<\/li>\n<li>Nous proposons toujours la m\u00e9thodologie la plus adapt\u00e9e \u00e0 chaque probl\u00e9matique.<\/li>\n<\/ul>\n","protected":false},"excerpt":{"rendered":"<p>La grande majorit\u00e9 des \u00e9tudes conduites par Stethos sont des \u00e9tudes Ad Hoc. Nous r\u00e9alisons nos \u00e9tudes qualitatives et quantitatives gr\u00e2ce \u00e0 nos propres agences terrains et notre propre d\u00e9partement statistique. Nous proposons toujours la m\u00e9thodologie la plus adapt\u00e9e \u00e0 chaque probl\u00e9matique.<\/p>\n","protected":false},"author":1,"featured_media":0,"parent":45,"menu_order":0,"comment_status":"closed","ping_status":"closed","template":"page-our_expertise_1.php","meta":{"_acf_changed":false,"_exactmetrics_skip_tracking":false,"_exactmetrics_sitenote_active":false,"_exactmetrics_sitenote_note":"","_exactmetrics_sitenote_category":0,"footnotes":""},"class_list":["post-46","page","type-page","status-publish","hentry"],"translation":{"provider":"WPGlobus","version":"3.0.0","language":"fr","enabled_languages":["en","fr","it"],"languages":{"en":{"title":true,"content":true,"excerpt":false},"fr":{"title":true,"content":true,"excerpt":false},"it":{"title":true,"content":true,"excerpt":false}}},"acf":[],"aioseo_notices":[],"_links":{"self":[{"href":"https:\/\/stethos.eu\/fr\/wp-json\/wp\/v2\/pages\/46","targetHints":{"allow":["GET"]}}],"collection":[{"href":"https:\/\/stethos.eu\/fr\/wp-json\/wp\/v2\/pages"}],"about":[{"href":"https:\/\/stethos.eu\/fr\/wp-json\/wp\/v2\/types\/page"}],"author":[{"embeddable":true,"href":"https:\/\/stethos.eu\/fr\/wp-json\/wp\/v2\/users\/1"}],"replies":[{"embeddable":true,"href":"https:\/\/stethos.eu\/fr\/wp-json\/wp\/v2\/comments?post=46"}],"version-history":[{"count":7,"href":"https:\/\/stethos.eu\/fr\/wp-json\/wp\/v2\/pages\/46\/revisions"}],"predecessor-version":[{"id":1007,"href":"https:\/\/stethos.eu\/fr\/wp-json\/wp\/v2\/pages\/46\/revisions\/1007"}],"up":[{"embeddable":true,"href":"https:\/\/stethos.eu\/fr\/wp-json\/wp\/v2\/pages\/45"}],"wp:attachment":[{"href":"https:\/\/stethos.eu\/fr\/wp-json\/wp\/v2\/media?parent=46"}],"curies":[{"name":"wp","href":"https:\/\/api.w.org\/{rel}","templated":true}]}}