{"id":44,"date":"2016-04-17T17:41:45","date_gmt":"2016-04-17T17:41:45","guid":{"rendered":"http:\/\/stethos.eu\/?page_id=44"},"modified":"2024-10-21T13:03:02","modified_gmt":"2024-10-21T13:03:02","slug":"high-level-consultants","status":"publish","type":"page","link":"https:\/\/stethos.eu\/fr\/who-we-are\/high-level-consultants","title":{"rendered":"Des consultants de haut niveau"},"content":{"rendered":"<ul>\n<li>Tous nos consultants ont une exp\u00e9rience significative de postes \u00e0 haute responsabilit\u00e9 au sein des d\u00e9partements marketing de laboratoires pharmaceutiques.<\/li>\n<li>La plupart ont une double formation : Scientifique \/ M\u00e9dicale et Marketing.<\/li>\n<li>Un bin\u00f4me directeur d\u2019\u00e9tudes \/ charg\u00e9 d\u2019\u00e9tudes est d\u00e9di\u00e9 \u00e0 chaque \u00e9tude<\/li>\n<\/ul>\n","protected":false},"excerpt":{"rendered":"<p>Tous nos consultants ont une exp\u00e9rience significative de postes \u00e0 haute responsabilit\u00e9 au sein des d\u00e9partements marketing de laboratoires pharmaceutiques. La plupart ont une double formation : Scientifique \/ M\u00e9dicale et Marketing. Un bin\u00f4me directeur d\u2019\u00e9tudes \/ charg\u00e9 d\u2019\u00e9tudes est d\u00e9di\u00e9 \u00e0 chaque \u00e9tude<\/p>\n","protected":false},"author":1,"featured_media":0,"parent":40,"menu_order":0,"comment_status":"closed","ping_status":"closed","template":"page-who_we_are_4.php","meta":{"_acf_changed":false,"_exactmetrics_skip_tracking":false,"_exactmetrics_sitenote_active":false,"_exactmetrics_sitenote_note":"","_exactmetrics_sitenote_category":0,"footnotes":""},"class_list":["post-44","page","type-page","status-publish","hentry"],"translation":{"provider":"WPGlobus","version":"3.0.0","language":"fr","enabled_languages":["en","fr","it"],"languages":{"en":{"title":true,"content":true,"excerpt":false},"fr":{"title":true,"content":true,"excerpt":false},"it":{"title":true,"content":true,"excerpt":false}}},"acf":[],"aioseo_notices":[],"_links":{"self":[{"href":"https:\/\/stethos.eu\/fr\/wp-json\/wp\/v2\/pages\/44","targetHints":{"allow":["GET"]}}],"collection":[{"href":"https:\/\/stethos.eu\/fr\/wp-json\/wp\/v2\/pages"}],"about":[{"href":"https:\/\/stethos.eu\/fr\/wp-json\/wp\/v2\/types\/page"}],"author":[{"embeddable":true,"href":"https:\/\/stethos.eu\/fr\/wp-json\/wp\/v2\/users\/1"}],"replies":[{"embeddable":true,"href":"https:\/\/stethos.eu\/fr\/wp-json\/wp\/v2\/comments?post=44"}],"version-history":[{"count":27,"href":"https:\/\/stethos.eu\/fr\/wp-json\/wp\/v2\/pages\/44\/revisions"}],"predecessor-version":[{"id":1061,"href":"https:\/\/stethos.eu\/fr\/wp-json\/wp\/v2\/pages\/44\/revisions\/1061"}],"up":[{"embeddable":true,"href":"https:\/\/stethos.eu\/fr\/wp-json\/wp\/v2\/pages\/40"}],"wp:attachment":[{"href":"https:\/\/stethos.eu\/fr\/wp-json\/wp\/v2\/media?parent=44"}],"curies":[{"name":"wp","href":"https:\/\/api.w.org\/{rel}","templated":true}]}}